{"id":22158,"date":"2020-02-04T17:59:40","date_gmt":"2020-02-04T17:59:40","guid":{"rendered":"http:\/\/www.toursenhongkong.com\/preguntas-frecuentes\/"},"modified":"2020-04-09T15:08:21","modified_gmt":"2020-04-09T15:08:21","slug":"preguntas-frecuentes","status":"publish","type":"page","link":"https:\/\/www.toursenhongkong.com\/en\/preguntas-frecuentes\/","title":{"rendered":"Preguntas Frecuentes"},"content":{"rendered":"\n<header class=\"wp-block-uagb-section uagb-section__wrap uagb-section__background-image alignfull uagb-block-1c7ecd38-26ad-4745-8923-7d189853daf4 page-header\"><div class=\"uagb-section__overlay\"><\/div><div class=\"uagb-section__inner-wrap\">\n<h1 class=\"has-text-color has-text-align-center mb-4 wp-block-heading\" style=\"color:#ffffff\">Preguntas Frecuentes<\/h1>\n\n\n\n<p style=\"color:#ffffff;font-size:22px\" class=\"has-text-color has-text-align-center\">\u00bfTienes alguna pregunta adicional? Hemos preparado una serie de preguntas y respuestas frecuentes. Espero que ayude a sacarte alguna duda que puedas tener. De lo contrario, \u00a1escr\u00edbenos un e-mail y con gusto entraremos en contacto!<\/p>\n<\/div><\/header>\n\n\n\n<section class=\"wp-block-uagb-section uagb-section__wrap uagb-section__background-undefined alignfull uagb-block-bc858002-c90a-4bf4-ba38-3f396ab073bc\"><div class=\"uagb-section__overlay\"><\/div><div class=\"uagb-section__inner-wrap\">\n<h2 class=\"mb-5 wp-block-heading\">Previas al tour<\/h2>\n\n\n<div class=\"lazyblock-acordeones-2cABLB mb-5 wp-block-lazyblock-acordeones\">\r\n<div class=\"\">\r\n\r\n  <div id=\"accordion1\" class=\"accordion\">\r\n\r\n          <div class=\"card\">\r\n        <div class=\"card-header\" id=\"heading0\">\r\n          <h2 class=\"mb-0\">\r\n            <button class=\"btn btn-link collapsed\" type=\"button\" data-toggle=\"collapse\" data-target=\"#collapse0\" aria-expanded=\"false\" aria-controls=\"collapse0\">\r\n              \u00bfPor qu\u00e9 deber\u00eda contratar un tour privado?            <\/button>\r\n          <\/h2>\r\n        <\/div>\r\n    \r\n        <div id=\"collapse0\" class=\"collapse \" aria-labelledby=\"heading0\">\r\n          <div class=\"card-body\">\r\n            Hong Kong es un lugar con much\u00edsimas atracciones y lugares para visitar. Disfrutar Hong Kong a tu ritmo, acompa\u00f1ado de alguien que vive en el lugar y habla tu idioma, con un itinerario basado en\u00a0tus preferencias, necesidades, horarios y gustos, contar con la posibilidad de quitarte cualquier tipo de dudas que surjan en el momento y recibir consejos pr\u00e1cticos antes, durante y despu\u00e9s del tour son algunas de las ventajas de contratar un tour privado.           <\/div>\r\n        <\/div>\r\n      <\/div>\r\n\r\n      \r\n          <div class=\"card\">\r\n        <div class=\"card-header\" id=\"heading1\">\r\n          <h2 class=\"mb-0\">\r\n            <button class=\"btn btn-link collapsed\" type=\"button\" data-toggle=\"collapse\" data-target=\"#collapse1\" aria-expanded=\"false\" aria-controls=\"collapse1\">\r\n              \u00bfOfreces tours grupales?            <\/button>\r\n          <\/h2>\r\n        <\/div>\r\n    \r\n        <div id=\"collapse1\" class=\"collapse \" aria-labelledby=\"heading1\">\r\n          <div class=\"card-body\">\r\n            No, los tours son privados para m\u00e1ximo 6 personas. Los tours son exclusivos y personalizados, ya que creo que es la mejor forma de experimentar Hong Kong y descubrir sus secretos.          <\/div>\r\n        <\/div>\r\n      <\/div>\r\n\r\n      \r\n    \r\n  <\/div>\r\n\r\n  <\/div><\/div>\n\n\n<h2 class=\"mb-5 wp-block-heading\">Reservas<\/h2>\n\n\n<div class=\"lazyblock-acordeones-Z1RqRgl mb-5 wp-block-lazyblock-acordeones\">\r\n<div class=\"\">\r\n\r\n  <div id=\"accordion1\" class=\"accordion\">\r\n\r\n          <div class=\"card\">\r\n        <div class=\"card-header\" id=\"heading2\">\r\n          <h2 class=\"mb-0\">\r\n            <button class=\"btn btn-link collapsed\" type=\"button\" data-toggle=\"collapse\" data-target=\"#collapse2\" aria-expanded=\"false\" aria-controls=\"collapse2\">\r\n              \u00bfPor qu\u00e9 deber\u00eda contratar un tour privado?            <\/button>\r\n          <\/h2>\r\n        <\/div>\r\n    \r\n        <div id=\"collapse2\" class=\"collapse \" aria-labelledby=\"heading2\">\r\n          <div class=\"card-body\">\r\n            Hong Kong es un lugar con much\u00edsimas atracciones y lugares para visitar. Disfrutar Hong Kong a tu ritmo, acompa\u00f1ado de alguien que vive en el lugar y habla tu idioma, con un itinerario basado en\u00a0tus preferencias, necesidades, horarios y gustos, contar con la posibilidad de quitarte cualquier tipo de dudas que surjan en el momento y recibir consejos pr\u00e1cticos antes, durante y despu\u00e9s del tour son algunas de las ventajas de contratar un tour privado.           <\/div>\r\n        <\/div>\r\n      <\/div>\r\n\r\n      \r\n          <div class=\"card\">\r\n        <div class=\"card-header\" id=\"heading3\">\r\n          <h2 class=\"mb-0\">\r\n            <button class=\"btn btn-link collapsed\" type=\"button\" data-toggle=\"collapse\" data-target=\"#collapse3\" aria-expanded=\"false\" aria-controls=\"collapse3\">\r\n              \u00bfOfreces tours grupales?            <\/button>\r\n          <\/h2>\r\n        <\/div>\r\n    \r\n        <div id=\"collapse3\" class=\"collapse \" aria-labelledby=\"heading3\">\r\n          <div class=\"card-body\">\r\n            No, los tours son privados para m\u00e1ximo 6 personas. Los tours son exclusivos y personalizados, ya que creo que es la mejor forma de experimentar Hong Kong y descubrir sus secretos.          <\/div>\r\n        <\/div>\r\n      <\/div>\r\n\r\n      \r\n    \r\n  <\/div>\r\n\r\n  <\/div><\/div><\/div><\/section>\n\n\n\n<section class=\"wp-block-uagb-section uagb-section__wrap uagb-section__background-color alignfull uagb-block-2bb73678-05a7-4028-98ab-337082444b45\"><div class=\"uagb-section__overlay\"><\/div><div class=\"uagb-section__inner-wrap\"><div class=\"lazyblock-acordeones-ZxWfp2 wp-block-lazyblock-acordeones\">\r\n<div class=\"\">\r\n\r\n  <div id=\"accordion1\" class=\"accordion\">\r\n\r\n          <div class=\"card\">\r\n        <div class=\"card-header\" id=\"heading4\">\r\n          <h2 class=\"mb-0\">\r\n            <button class=\"btn btn-link collapsed\" type=\"button\" data-toggle=\"collapse\" data-target=\"#collapse4\" aria-expanded=\"false\" aria-controls=\"collapse4\">\r\n              Aviso Legal            <\/button>\r\n          <\/h2>\r\n        <\/div>\r\n    \r\n        <div id=\"collapse4\" class=\"collapse \" aria-labelledby=\"heading4\">\r\n          <div class=\"card-body\">\r\n            <strong>Al participar en un tour de Vive Hong Kong, todos los individuos, grupos, organizaciones, u otros (de ahora en adelante llamados \u201cParticipantes\u201d) entienden, reconocen, declaran, garantizan y aceptan lo siguiente:<\/strong>  <br><br>1. Vive Hong Kong no provee seguro de responsabilidad civil para la protecci\u00f3n de los Participantes que participen de los tours o actividades de Vive Hong Kong.  <br><br>La participaci\u00f3n de los Participantes en los tours o actividades de Vive Hong Kong ser\u00e1 por cuenta y riesgo exclusivo del Participante. El Participante, en nombre propio o de cualquier persona o entidad, que act\u00fae a trav\u00e9s de o en nombre de los participantes, mediante la reserva o participaci\u00f3n de un tour y\/o actividad de Vive Hong Kong; libera a Vive Hong Kong y sus empleados, de cualquier y todos los reclamos, acciones, da\u00f1os y perjuicios, responsabilidades, p\u00e9rdidas, costos y gastos que surjan de, o como resultado de, la participaci\u00f3n del Participante en los tours o actividades de Vive Hong Kong, incluyendo, sin limitaci\u00f3n, cualquier y todas las reclamaciones, acciones y responsabilidades en caso de muerte, lesiones, p\u00e9rdidas o da\u00f1os al participante, o a cualquier otra persona, o de cualquier propiedad, independientemente de que \u00e9sta lesi\u00f3n, p\u00e9rdida o da\u00f1o fuese causado por la negligencia o conducta dolosa de la empresa o sus empleados. El Participante, en nombre propio o de cualquier persona o entidad, que act\u00fae a trav\u00e9s de o en nombre de los participantes, adem\u00e1s acuerda defender e indemnizar a Vive Hong Kong, y liberar de cualquier y toda responsabilidad, reclamaciones, acciones, da\u00f1os, gastos (incluyendo, sin limitaci\u00f3n, honorarios de abogados) y perjuicios de cualquier tipo o naturaleza que surja de, o como resultado de, la participaci\u00f3n del Participante en las excursiones o actividades.            <\/div>\r\n        <\/div>\r\n      <\/div>\r\n\r\n      \r\n    \r\n  <\/div>\r\n\r\n  <\/div><\/div><\/div><\/section>\n","protected":false},"excerpt":{"rendered":"","protected":false},"author":13,"featured_media":0,"parent":0,"menu_order":0,"comment_status":"closed","ping_status":"closed","template":"page-templates\/fullwidthpage.php","meta":{"_acf_changed":false,"_uag_custom_page_level_css":"","footnotes":""},"class_list":["post-22158","page","type-page","status-publish","hentry"],"acf":[],"yoast_head":"<!-- This site is optimized with the Yoast SEO plugin v26.2 - https:\/\/yoast.com\/wordpress\/plugins\/seo\/ -->\n<title>Preguntas Frecuentes - Vive Hong Kong tours en espa\u00f1ol<\/title>\n<meta name=\"robots\" content=\"index, follow, max-snippet:-1, max-image-preview:large, max-video-preview:-1\" \/>\n<link rel=\"canonical\" href=\"https:\/\/www.toursenhongkong.com\/en\/preguntas-frecuentes\/\" \/>\n<meta property=\"og:locale\" content=\"en_US\" \/>\n<meta property=\"og:type\" content=\"article\" \/>\n<meta property=\"og:title\" content=\"Preguntas Frecuentes - Vive Hong Kong tours en espa\u00f1ol\" \/>\n<meta property=\"og:url\" content=\"https:\/\/www.toursenhongkong.com\/en\/preguntas-frecuentes\/\" \/>\n<meta property=\"og:site_name\" content=\"Vive Hong Kong tours en espa\u00f1ol\" \/>\n<meta property=\"article:modified_time\" content=\"2020-04-09T15:08:21+00:00\" \/>\n<meta name=\"twitter:card\" content=\"summary_large_image\" \/>\n<script type=\"application\/ld+json\" class=\"yoast-schema-graph\">{\"@context\":\"https:\/\/schema.org\",\"@graph\":[{\"@type\":\"WebPage\",\"@id\":\"https:\/\/www.toursenhongkong.com\/en\/preguntas-frecuentes\/\",\"url\":\"https:\/\/www.toursenhongkong.com\/en\/preguntas-frecuentes\/\",\"name\":\"Preguntas Frecuentes - Vive Hong Kong tours en espa\u00f1ol\",\"isPartOf\":{\"@id\":\"https:\/\/www.toursenhongkong.com\/#website\"},\"datePublished\":\"2020-02-04T17:59:40+00:00\",\"dateModified\":\"2020-04-09T15:08:21+00:00\",\"breadcrumb\":{\"@id\":\"https:\/\/www.toursenhongkong.com\/en\/preguntas-frecuentes\/#breadcrumb\"},\"inLanguage\":\"en-US\",\"potentialAction\":[{\"@type\":\"ReadAction\",\"target\":[\"https:\/\/www.toursenhongkong.com\/en\/preguntas-frecuentes\/\"]}]},{\"@type\":\"BreadcrumbList\",\"@id\":\"https:\/\/www.toursenhongkong.com\/en\/preguntas-frecuentes\/#breadcrumb\",\"itemListElement\":[{\"@type\":\"ListItem\",\"position\":1,\"name\":\"Portada\",\"item\":\"https:\/\/www.toursenhongkong.com\/en\/\"},{\"@type\":\"ListItem\",\"position\":2,\"name\":\"Preguntas Frecuentes\"}]},{\"@type\":\"WebSite\",\"@id\":\"https:\/\/www.toursenhongkong.com\/#website\",\"url\":\"https:\/\/www.toursenhongkong.com\/\",\"name\":\"Vive Hong Kong tours en espa\u00f1ol\",\"description\":\"Tours en Hong kong en espa\u00f1ol\",\"publisher\":{\"@id\":\"https:\/\/www.toursenhongkong.com\/#organization\"},\"potentialAction\":[{\"@type\":\"SearchAction\",\"target\":{\"@type\":\"EntryPoint\",\"urlTemplate\":\"https:\/\/www.toursenhongkong.com\/?s={search_term_string}\"},\"query-input\":{\"@type\":\"PropertyValueSpecification\",\"valueRequired\":true,\"valueName\":\"search_term_string\"}}],\"inLanguage\":\"en-US\"},{\"@type\":\"Organization\",\"@id\":\"https:\/\/www.toursenhongkong.com\/#organization\",\"name\":\"Vive Hong Kong tours en espa\u00f1ol\",\"url\":\"https:\/\/www.toursenhongkong.com\/\",\"logo\":{\"@type\":\"ImageObject\",\"inLanguage\":\"en-US\",\"@id\":\"https:\/\/www.toursenhongkong.com\/#\/schema\/logo\/image\/\",\"url\":\"https:\/\/www.toursenhongkong.com\/wp-content\/uploads\/2019\/12\/logo-vivehk-01.svg\",\"contentUrl\":\"https:\/\/www.toursenhongkong.com\/wp-content\/uploads\/2019\/12\/logo-vivehk-01.svg\",\"width\":165,\"height\":118,\"caption\":\"Vive Hong Kong tours en espa\u00f1ol\"},\"image\":{\"@id\":\"https:\/\/www.toursenhongkong.com\/#\/schema\/logo\/image\/\"}}]}<\/script>\n<!-- \/ Yoast SEO plugin. -->","yoast_head_json":{"title":"Preguntas Frecuentes - Vive Hong Kong tours en espa\u00f1ol","robots":{"index":"index","follow":"follow","max-snippet":"max-snippet:-1","max-image-preview":"max-image-preview:large","max-video-preview":"max-video-preview:-1"},"canonical":"https:\/\/www.toursenhongkong.com\/en\/preguntas-frecuentes\/","og_locale":"en_US","og_type":"article","og_title":"Preguntas Frecuentes - Vive Hong Kong tours en espa\u00f1ol","og_url":"https:\/\/www.toursenhongkong.com\/en\/preguntas-frecuentes\/","og_site_name":"Vive Hong Kong tours en espa\u00f1ol","article_modified_time":"2020-04-09T15:08:21+00:00","twitter_card":"summary_large_image","schema":{"@context":"https:\/\/schema.org","@graph":[{"@type":"WebPage","@id":"https:\/\/www.toursenhongkong.com\/en\/preguntas-frecuentes\/","url":"https:\/\/www.toursenhongkong.com\/en\/preguntas-frecuentes\/","name":"Preguntas Frecuentes - Vive Hong Kong tours en espa\u00f1ol","isPartOf":{"@id":"https:\/\/www.toursenhongkong.com\/#website"},"datePublished":"2020-02-04T17:59:40+00:00","dateModified":"2020-04-09T15:08:21+00:00","breadcrumb":{"@id":"https:\/\/www.toursenhongkong.com\/en\/preguntas-frecuentes\/#breadcrumb"},"inLanguage":"en-US","potentialAction":[{"@type":"ReadAction","target":["https:\/\/www.toursenhongkong.com\/en\/preguntas-frecuentes\/"]}]},{"@type":"BreadcrumbList","@id":"https:\/\/www.toursenhongkong.com\/en\/preguntas-frecuentes\/#breadcrumb","itemListElement":[{"@type":"ListItem","position":1,"name":"Portada","item":"https:\/\/www.toursenhongkong.com\/en\/"},{"@type":"ListItem","position":2,"name":"Preguntas Frecuentes"}]},{"@type":"WebSite","@id":"https:\/\/www.toursenhongkong.com\/#website","url":"https:\/\/www.toursenhongkong.com\/","name":"Vive Hong Kong tours en espa\u00f1ol","description":"Tours en Hong kong en espa\u00f1ol","publisher":{"@id":"https:\/\/www.toursenhongkong.com\/#organization"},"potentialAction":[{"@type":"SearchAction","target":{"@type":"EntryPoint","urlTemplate":"https:\/\/www.toursenhongkong.com\/?s={search_term_string}"},"query-input":{"@type":"PropertyValueSpecification","valueRequired":true,"valueName":"search_term_string"}}],"inLanguage":"en-US"},{"@type":"Organization","@id":"https:\/\/www.toursenhongkong.com\/#organization","name":"Vive Hong Kong tours en espa\u00f1ol","url":"https:\/\/www.toursenhongkong.com\/","logo":{"@type":"ImageObject","inLanguage":"en-US","@id":"https:\/\/www.toursenhongkong.com\/#\/schema\/logo\/image\/","url":"https:\/\/www.toursenhongkong.com\/wp-content\/uploads\/2019\/12\/logo-vivehk-01.svg","contentUrl":"https:\/\/www.toursenhongkong.com\/wp-content\/uploads\/2019\/12\/logo-vivehk-01.svg","width":165,"height":118,"caption":"Vive Hong Kong tours en espa\u00f1ol"},"image":{"@id":"https:\/\/www.toursenhongkong.com\/#\/schema\/logo\/image\/"}}]}},"uagb_featured_image_src":{"full":false,"thumbnail":false,"medium":false,"medium_large":false,"large":false,"1536x1536":false,"2048x2048":false,"gform-image-choice-sm":false,"gform-image-choice-md":false,"gform-image-choice-lg":false},"uagb_author_info":{"display_name":"Lorena","author_link":"https:\/\/www.toursenhongkong.com\/en\/author\/lore\/"},"uagb_comment_info":0,"uagb_excerpt":null,"_links":{"self":[{"href":"https:\/\/www.toursenhongkong.com\/en\/wp-json\/wp\/v2\/pages\/22158","targetHints":{"allow":["GET"]}}],"collection":[{"href":"https:\/\/www.toursenhongkong.com\/en\/wp-json\/wp\/v2\/pages"}],"about":[{"href":"https:\/\/www.toursenhongkong.com\/en\/wp-json\/wp\/v2\/types\/page"}],"author":[{"embeddable":true,"href":"https:\/\/www.toursenhongkong.com\/en\/wp-json\/wp\/v2\/users\/13"}],"replies":[{"embeddable":true,"href":"https:\/\/www.toursenhongkong.com\/en\/wp-json\/wp\/v2\/comments?post=22158"}],"version-history":[{"count":0,"href":"https:\/\/www.toursenhongkong.com\/en\/wp-json\/wp\/v2\/pages\/22158\/revisions"}],"wp:attachment":[{"href":"https:\/\/www.toursenhongkong.com\/en\/wp-json\/wp\/v2\/media?parent=22158"}],"curies":[{"name":"wp","href":"https:\/\/api.w.org\/{rel}","templated":true}]}}